{"id":50333,"date":"2021-04-21T08:18:52","date_gmt":"2021-04-21T06:18:52","guid":{"rendered":"http:\/\/ppinstalator.net\/index.php\/polityka-cookies\/"},"modified":"2021-04-21T08:33:16","modified_gmt":"2021-04-21T06:33:16","slug":"polityka-cookies","status":"publish","type":"page","link":"http:\/\/ppinstalator.net\/index.php\/polityka-cookies\/","title":{"rendered":"Pliki cookies"},"content":{"rendered":"<h3><span style=\"color: #06243e;\">Polityka ciasteczek serwisu ppinstalator.net<\/span><\/h3>\n<p>Dla wygody U\u017cytkownika serwis <a href=\"http:\/\/ppinstalator.net\">ppinstalator.net<\/a> korzysta z plik\u00f3w cookies.<\/p>\n<p>Czy wiesz, \u017ce:<\/p>\n<p>1. Pliki cookies (tzw. \u201eciasteczka\u201d) stanowi\u0105 dane informatyczne, w szczeg\u00f3lno\u015bci pliki tekstowe, kt\u00f3re przechowywane s\u0105 w urz\u0105dzeniu ko\u0144cowym U\u017cytkownika Serwisu i przeznaczone s\u0105 do korzystania ze stron internetowych Serwisu.<br \/>\nPliki tego rodzaju zazwyczaj zawieraj\u0105 nazw\u0119 strony internetowej, z kt\u00f3rej pochodz\u0105, czas przechowywania ich na urz\u0105dzeniu ko\u0144cowym oraz unikalny numer.<br \/>\nPodmiotem zamieszczaj\u0105cym na urz\u0105dzeniu ko\u0144cowym U\u017cytkownika Serwisu pliki cookies oraz uzyskuj\u0105cym do nich dost\u0119p jest operator Serwisu lub podmioty z nim wsp\u00f3\u0142pracuj\u0105ce.<\/p>\n<p>2. Pliki cookies wykorzystywane s\u0105 w nast\u0119puj\u0105cych celach:<br \/>\no tworzenia statystyk, kt\u00f3re pomagaj\u0105 zrozumie\u0107, w jaki spos\u00f3b U\u017cytkownicy Serwisu korzystaj\u0105 ze stron internetowych, co umo\u017cliwia ulepszanie ich struktury i zawarto\u015bci;<br \/>\no utrzymanie sesji U\u017cytkownika Serwisu (po zalogowaniu), dzi\u0119ki kt\u00f3rej U\u017cytkownik nie musi na ka\u017cdej podstronie Serwisu ponownie wpisywa\u0107 loginu i has\u0142a;<br \/>\nW ramach Serwisu stosowane s\u0105 dwa zasadnicze rodzaje plik\u00f3w cookies: \u201esesyjne\u201d (session cookies) oraz \u201esta\u0142e\u201d (persistent cookies).<\/p>\n<p><strong>Ciasteczka \u201esesyjne\u201d<\/strong><br \/>\nS\u0105 plikami tymczasowymi, kt\u00f3re przechowywane s\u0105 w urz\u0105dzeniu ko\u0144cowym U\u017cytkownika do czasu wylogowania, opuszczenia strony internetowej lub wy\u0142\u0105czenia oprogramowania (przegl\u0105darki internetowej)<\/p>\n<p><strong>Ciasteczka \u201esta\u0142e&#8221;<\/strong><br \/>\nS\u0105 plikami przechowywanymi w urz\u0105dzeniu ko\u0144cowym U\u017cytkownika przez czas okre\u015blony w parametrach plik\u00f3w cookies lub do czasu ich usuni\u0119cia przez U\u017cytkownika<\/p>\n<p><strong>Pami\u0119taj, \u017ce:<\/strong><br \/>\n1. Oprogramowanie do przegl\u0105dania stron internetowych (przegl\u0105darka internetowa) zazwyczaj domy\u015blnie dopuszcza przechowywanie plik\u00f3w cookies w urz\u0105dzeniu ko\u0144cowym U\u017cytkownika.<br \/>\n2. U\u017cytkownicy Serwisu mog\u0105 dokona\u0107 zmiany ustawie\u0144 w tym zakresie.<br \/>\n3. Przegl\u0105darka internetowa umo\u017cliwia usuni\u0119cie plik\u00f3w cookies. Mo\u017cliwe jest tak\u017ce automatyczne blokowanie plik\u00f3w cookies Szczeg\u00f3\u0142owe informacje na ten temat zawiera dzia\u0142 poni\u017cej lub dokumentacja przegl\u0105darki internetowej.<br \/>\n4. Ograniczenia stosowania plik\u00f3w cookies mog\u0105 wp\u0142yn\u0105\u0107 na niekt\u00f3re funkcjonalno\u015bci dost\u0119pne na stronach internetowych Serwisu.<br \/>\n5. Pliki cookies zamieszczane w urz\u0105dzeniu ko\u0144cowym U\u017cytkownika Serwisu i wykorzystywane mog\u0105 by\u0107 r\u00f3wnie\u017c przez wsp\u00f3\u0142pracuj\u0105cych z operatorem Serwisu reklamodawc\u00f3w oraz partner\u00f3w.<br \/>\nZalecamy przeczytanie polityki ochrony prywatno\u015bci tych firm, aby pozna\u0107 zasady korzystania z plik\u00f3w cookies wykorzystywane w statystykach: Polityka ochrony prywatno\u015bci Google Analytics.<\/p>\n<p><strong>Wa\u017cne dla Ciebie:<\/strong><br \/>\n1. Pliki cookies mog\u0105 by\u0107 wykorzystane przez sieci reklamowe, w szczeg\u00f3lno\u015bci sie\u0107 Google, do wy\u015bwietlenia reklam dopasowanych do sposobu, w jaki u\u017cytkownik korzysta z Serwisu.<br \/>\n2. W tym celu mog\u0105 zachowa\u0107 informacj\u0119 o \u015bcie\u017cce nawigacji u\u017cytkownika lub czasie pozostawania na danej stronie.<br \/>\n3. W zakresie informacji o preferencjach u\u017cytkownika gromadzonych przez sie\u0107 reklamow\u0105 Google u\u017cytkownik mo\u017ce przegl\u0105da\u0107 i edytowa\u0107 informacje wynikaj\u0105ce z plik\u00f3w cookies przy pomocy narz\u0119dzia: <a href=\"https:\/\/www.google.com\/ads\/preferences\/\" target=\"_blank\" rel=\"noopener\">https:\/\/www.google.com\/ads\/preferences\/<\/a><\/p>\n<p><strong>Jak wy\u0142\u0105czy\u0107 ciasteczka?<\/strong><br \/>\n1. Serwis PODA\u0106 DANE korzysta z ciasteczek. Je\u015bli u\u017cytkownik nie chce pobiera\u0107 tych plik\u00f3w , musi zmieni\u0107 ustawienia przegl\u0105darki (informacje poni\u017cej).<br \/>\n2. Wi\u0119kszo\u015b\u0107 przegl\u0105darek automatycznie zezwala na ciasteczka, mo\u017cna jednak \u0142atwo zmieni\u0107 ustawienia przegl\u0105darki.<br \/>\n3. Je\u015bli u\u017cytkownik nie chce otrzymywa\u0107 plik\u00f3w cookies, musi zmieni\u0107 ustawienia przegl\u0105darki.<br \/>\n4. Zastrzegamy, \u017ce wy\u0142\u0105czenie obs\u0142ugi plik\u00f3w cookies niezb\u0119dnych dla proces\u00f3w uwierzytelniania, bezpiecze\u0144stwa, utrzymania preferencji u\u017cytkownika mo\u017ce utrudni\u0107, a w skrajnych przypadkach uniemo\u017cliwi\u0107 korzystanie z serwisu.<br \/>\nA jak zarz\u0105dza ustawieniami cookies?<br \/>\nW celu zarz\u0105dzania ustawieniami cookies wybierz z listy poni\u017cej przegl\u0105dark\u0119 internetow\u0105\/ system i post\u0119puj zgodnie z instrukcjami:<\/p>\n<p><strong>IE<\/strong><br \/>\nW g\u0142\u00f3wnym oknie aplikacji wybieramy kolejno Narz\u0119dzia&gt; Opcje internetowe&gt; Prywatno\u015b\u0107 W obszarze Ustawienia przesuwamy suwak maksymalnie w g\u00f3r\u0119. W ten spos\u00f3b zablokujemy wszystkie pliki cookies. Klikamy na przycisk OK.<\/p>\n<p><strong>Chrome<\/strong><br \/>\nW g\u0142\u00f3wnym oknie przegl\u0105darki (prawy g\u00f3rny r\u00f3g) klikamy na ikon\u0119 Ustawienia Google Chrome.<br \/>\nWybieramy zak\u0142adk\u0119 Ustawienia&gt; Poka\u017c ustawienia zaawansowane W sekcji Prywatno\u015b\u0107&gt; Ustawienia tre\u015bci W opcji Pliki cookies zaznaczamy pozycj\u0119 &#8222;Zablokuj pliki cookies i dane z witryn innych firm&#8221; Wybieramy przycisk Gotowe.<\/p>\n<p><strong>Firefox<\/strong><br \/>\nW g\u0142\u00f3wnym oknie programu klikamy na Narz\u0119dzia&gt; Opcje&gt; Prywatno\u015b\u0107 Wybieramy opcj\u0119 &#8222;Program Firefox b\u0119dzie u\u017cywa\u0142 ustawie\u0144 u\u017cytkownika&#8221;, pozycja pierwsza &#8222;Zawsze u\u017cywaj trybu prywatnego&#8221; oraz pozycja ostatnia &#8222;Akceptuj ciasteczka&#8221; musz\u0105 by\u0107 odznaczone (tj. obok nich musi by\u0107 pusty kwadracik) W obszarze Ustawienia przesuwamy suwak maksymalnie w g\u00f3r\u0119. W ten spos\u00f3b zablokujemy wszystkie pliki cookies. Klikamy na przycisk OK.<\/p>\n<p><strong>Safari<\/strong><br \/>\nW menu rozwijanym Safari trzeba wybra\u0107 Preferencje&gt; Bezpiecze\u0144stwo Tu wybiera si\u0119 poziom bezpiecze\u0144stwa w obszarze &#8222;Akceptuj pliki cookies\u201d<\/p>\n<p><strong>Opera<\/strong><br \/>\nMenu przegl\u0105darki: Narz\u0119dzie&gt; Preferencje&gt; Zaawansowane&gt; Ciasteczka Zaznaczamy opcj\u0119 &#8222;Nigdy nie akceptuj ciasteczek&#8221; Klikamy OK<\/p>\n","protected":false},"excerpt":{"rendered":"<p>Polityka ciasteczek serwisu ppinstalator.net Dla wygody U\u017cytkownika serwis ppinstalator.net korzysta z plik\u00f3w cookies. Czy wiesz, \u017ce: 1. Pliki cookies (tzw. \u201eciasteczka\u201d) stanowi\u0105 dane informatyczne, w szczeg\u00f3lno\u015bci pliki tekstowe, kt\u00f3re przechowywane s\u0105 w urz\u0105dzeniu ko\u0144cowym U\u017cytkownika Serwisu i przeznaczone s\u0105 do korzystania ze stron internetowych Serwisu. Pliki tego rodzaju zazwyczaj zawieraj\u0105 nazw\u0119 strony internetowej, z kt\u00f3rej [&hellip;]<\/p>\n","protected":false},"author":1,"featured_media":0,"parent":0,"menu_order":0,"comment_status":"closed","ping_status":"closed","template":"","meta":{"_et_pb_use_builder":"","_et_pb_old_content":"","_et_gb_content_width":"1080","footnotes":""},"class_list":["post-50333","page","type-page","status-publish","hentry"],"_links":{"self":[{"href":"http:\/\/ppinstalator.net\/index.php\/wp-json\/wp\/v2\/pages\/50333","targetHints":{"allow":["GET"]}}],"collection":[{"href":"http:\/\/ppinstalator.net\/index.php\/wp-json\/wp\/v2\/pages"}],"about":[{"href":"http:\/\/ppinstalator.net\/index.php\/wp-json\/wp\/v2\/types\/page"}],"author":[{"embeddable":true,"href":"http:\/\/ppinstalator.net\/index.php\/wp-json\/wp\/v2\/users\/1"}],"replies":[{"embeddable":true,"href":"http:\/\/ppinstalator.net\/index.php\/wp-json\/wp\/v2\/comments?post=50333"}],"version-history":[{"count":4,"href":"http:\/\/ppinstalator.net\/index.php\/wp-json\/wp\/v2\/pages\/50333\/revisions"}],"predecessor-version":[{"id":50338,"href":"http:\/\/ppinstalator.net\/index.php\/wp-json\/wp\/v2\/pages\/50333\/revisions\/50338"}],"wp:attachment":[{"href":"http:\/\/ppinstalator.net\/index.php\/wp-json\/wp\/v2\/media?parent=50333"}],"curies":[{"name":"wp","href":"https:\/\/api.w.org\/{rel}","templated":true}]}}